{"id":75,"date":"2019-05-06T12:12:56","date_gmt":"2019-05-06T10:12:56","guid":{"rendered":"https:\/\/av.lleset.com\/?page_id=75"},"modified":"2020-10-27T11:41:33","modified_gmt":"2020-10-27T10:41:33","slug":"avis-legal","status":"publish","type":"page","link":"https:\/\/areadevilasana.com\/ca\/avis-legal\/","title":{"rendered":"Av\u00eds legal"},"content":{"rendered":"\t\t<div data-elementor-type=\"wp-post\" data-elementor-id=\"75\" class=\"elementor elementor-75 elementor-73\" data-elementor-post-type=\"page\">\n\t\t\t\t\t\t<section class=\"ob-is-breaking-bad elementor-section elementor-top-section elementor-element elementor-element-a473821 elementor-section-boxed elementor-section-height-default elementor-section-height-default\" data-id=\"a473821\" data-element_type=\"section\" data-e-type=\"section\" data-settings=\"{&quot;_ob_bbad_use_it&quot;:&quot;yes&quot;,&quot;_ob_bbad_sssic_use&quot;:&quot;no&quot;,&quot;_ob_glider_is_slider&quot;:&quot;no&quot;}\">\n\t\t\t\t\t\t<div class=\"elementor-container elementor-column-gap-default\">\n\t\t\t\t\t<div class=\"elementor-column elementor-col-100 elementor-top-column elementor-element elementor-element-c13ab85\" data-id=\"c13ab85\" data-element_type=\"column\" data-e-type=\"column\" data-settings=\"{&quot;_ob_bbad_is_stalker&quot;:&quot;no&quot;,&quot;_ob_teleporter_use&quot;:false,&quot;_ob_column_hoveranimator&quot;:&quot;no&quot;,&quot;_ob_column_has_pseudo&quot;:&quot;no&quot;}\">\n\t\t\t<div class=\"elementor-widget-wrap elementor-element-populated\">\n\t\t\t\t\t\t<div class=\"elementor-element elementor-element-4f99545 adv_underlined ob-harakiri-inherit ob-has-background-overlay elementor-widget elementor-widget-heading\" data-id=\"4f99545\" data-element_type=\"widget\" data-e-type=\"widget\" data-settings=\"{&quot;_ob_use_harakiri&quot;:&quot;yes&quot;,&quot;_ob_harakiri_writing_mode&quot;:&quot;inherit&quot;,&quot;_ob_harakiri_text_clip&quot;:&quot;none&quot;,&quot;_ob_perspektive_use&quot;:&quot;no&quot;,&quot;_ob_poopart_use&quot;:&quot;yes&quot;,&quot;_ob_shadough_use&quot;:&quot;no&quot;,&quot;_ob_allow_hoveranimator&quot;:&quot;no&quot;,&quot;_ob_widget_stalker_use&quot;:&quot;no&quot;}\" data-widget_type=\"heading.default\">\n\t\t\t\t<div class=\"elementor-widget-container\">\n\t\t\t\t\t<h2 class=\"elementor-heading-title elementor-size-default\">Aviso legal<\/h2>\t\t\t\t<\/div>\n\t\t\t\t<\/div>\n\t\t\t\t<div class=\"elementor-element elementor-element-518383b ob-harakiri-inherit ob-has-background-overlay elementor-widget elementor-widget-text-editor\" data-id=\"518383b\" data-element_type=\"widget\" data-e-type=\"widget\" data-settings=\"{&quot;_ob_use_harakiri&quot;:&quot;yes&quot;,&quot;_ob_harakiri_writing_mode&quot;:&quot;inherit&quot;,&quot;_ob_postman_use&quot;:&quot;no&quot;,&quot;_ob_perspektive_use&quot;:&quot;no&quot;,&quot;_ob_poopart_use&quot;:&quot;yes&quot;,&quot;_ob_shadough_use&quot;:&quot;no&quot;,&quot;_ob_allow_hoveranimator&quot;:&quot;no&quot;,&quot;_ob_widget_stalker_use&quot;:&quot;no&quot;}\" data-widget_type=\"text-editor.default\">\n\t\t\t\t<div class=\"elementor-widget-container\">\n\t\t\t\t\t\t\t\t\t<h3>Datos del Responsable<\/h3><p><strong>Identidad del Responsable:<\/strong> AREA DE VILASANA SLU<br \/><strong>Nombre comercial:\u00a0<\/strong>Area de Vilasana<br \/><strong>NIF:<\/strong> B-25344896<br \/><strong>Direcci\u00f3n:<\/strong> C\/ Mossen Camilo Rossel, 40 08942 Sta Coloma de Gramenet (Barcelona)<br \/><strong>Correo electr\u00f3nico:<\/strong> info@areadevilasana.com<\/p><p>En este espacio, el USUARIO, podr\u00e1 encontrar toda la informaci\u00f3n relativa a los t\u00e9rminos y condiciones legales que definen las relaciones entre los usuarios y nosotros como responsables de esta web. Como usuario, es importante que conozcas estos t\u00e9rminos antes de continuar tu navegaci\u00f3n.<\/p><p>AREA DE VILASANA SLU\u00a0como responsable de esta web, asume el compromiso de procesar la informaci\u00f3n de nuestros usuarios y clientes con plenas garant\u00edas y cumplir con los requisitos nacionales y europeos que regulan la recopilaci\u00f3n y uso de los datos personales de nuestros usuarios.<\/p><p>Esta web, por tanto, cumple rigurosamente con el RGPD (REGLAMENTO (UE) 2016\/679 de protecci\u00f3n de datos) y la LSSI-CE la Ley 34\/2002, de 11 de julio, de servicios de la sociedad de la informaci\u00f3n y de comercio electr\u00f3nico.<\/p><h3>Condiciones generales de uso<\/h3><p>Las presentes Condiciones Generales regulan el uso (incluyendo el mero acceso) de las p\u00e1ginas de la web, integrantes del sitio web de AREA DE VILASANA SLU incluidos los contenidos y servicios puestos a disposici\u00f3n en ellas. Toda persona que acceda a la web, areadevilasana.com (\u201cUsuario\u201d) acepta someterse a las Condiciones Generales vigentes en cada momento del portal areadevilasana.com.<\/p><h3>Datos personales que recabamos y c\u00f3mo lo hacemos<\/h3><p>Leer\u00a0<a href=\"\/politica-privacidad\/\" target=\"_blank\" rel=\"noopener\">Pol\u00edtica de Privacidad<\/a><\/p><h3>Compromisos y obligaciones de los usuarios<\/h3><p>El Usuario queda informado, y acepta, que el acceso a la presente web no supone, en modo alguno, el inicio de una relaci\u00f3n comercial con AREA DE VILASANA SLU. De esta forma, el usuario se compromete a utilizar el sitio Web, sus servicios y contenidos sin contravenir la legislaci\u00f3n vigente, la buena fe y el orden p\u00fablico.<\/p><p>Queda prohibido el uso de la web, con fines il\u00edcitos o lesivos, o que, de cualquier forma, puedan causar perjuicio o impedir el normal funcionamiento del sitio web. Respecto de los contenidos de esta web, se proh\u00edbe:<\/p><ul><li>Su reproducci\u00f3n, distribuci\u00f3n o modificaci\u00f3n, total o parcial, a menos que se cuente con la autorizaci\u00f3n de sus leg\u00edtimos titulares;<\/li><li>Cualquier vulneraci\u00f3n de los derechos del prestador o de los leg\u00edtimos titulares;<\/li><li>Su utilizaci\u00f3n para fines comerciales o publicitarios.<\/li><\/ul><p>En la utilizaci\u00f3n de la web, areadevilasana.com, el Usuario se compromete a no llevar a cabo ninguna conducta que pudiera da\u00f1ar la imagen, los intereses y los derechos de AREA DE VILASANA SLU o de terceros o que pudiera da\u00f1ar, inutilizar o sobrecargar el portal (indicar dominio) o que impidiera, de cualquier forma, la normal utilizaci\u00f3n de la web.<\/p><p>No obstante, el Usuario debe ser consciente de que las medidas de seguridad de los sistemas inform\u00e1ticos en Internet no son enteramente fiables y que, por tanto AREA DE VILASANA SLU no puede garantizar la inexistencia de virus u otros elementos que puedan producir alteraciones en los sistemas inform\u00e1ticos (software y hardware) del Usuario o en sus documentos electr\u00f3nicos y ficheros contenidos en los mismos.<\/p><h3>Medidas de seguridad<\/h3><p>Los datos personales comunicados por el usuario a AREA DE VILASANA SLU pueden ser almacenados en bases de datos automatizadas o no, cuya titularidad corresponde en exclusiva a AREA DE VILASANA SLU, asumiendo \u00e9sta todas las medidas de \u00edndole t\u00e9cnica, organizativa y de seguridad que garantizan la confidencialidad, integridad y calidad de la informaci\u00f3n contenida en las mismas de acuerdo con lo establecido en la normativa vigente en protecci\u00f3n de datos.<\/p><p>La comunicaci\u00f3n entre los usuarios y AREA DE VILASANA SLU utiliza un canal seguro, y los datos transmitidos son cifrados gracias a protocolos a https, por tanto, garantizamos las mejores condiciones de seguridad para que la confidencialidad de los usuarios est\u00e9 garantizada.<\/p><h3>Reclamaciones<\/h3><p>El Usuario podr\u00e1 realizar reclamaciones remitiendo un correo electr\u00f3nico a info@areadevilasana.com indicando su nombre y apellidos, el servicio y\/o producto adquirido y exponiendo los motivos de su reclamaci\u00f3n.<\/p><p>El usuario\/comprador podr\u00e1 notificarnos la reclamaci\u00f3n, bien a trav\u00e9s de correo electr\u00f3nico a: info@areadevilasana.com o bien por correo postal dirigido a: AREA DE VILASANA SLU, en la C\/ Mossen Camilo Rossel, 40, 08924 Sta Coloma de Gramenet (Barcelona).<\/p><h3>Plataforma de resoluci\u00f3n de conflictos<\/h3><p>Por si puede ser de tu inter\u00e9s, para someter tus reclamaciones puedes utilizar tambi\u00e9n la plataforma de resoluci\u00f3n de litigios que facilita la Comisi\u00f3n Europea y que se encuentra disponible en el siguiente enlace:\u00a0<a href=\"http:\/\/ec.europa.eu\/consumers\/odr\/\" target=\"_blank\" rel=\"noopener nofollow\">http:\/\/ec.europa.eu\/consumers\/odr\/<\/a><\/p><h3>Derechos de propiedad intelectual e industrial<\/h3><p>En virtud de lo dispuesto en los art\u00edculos 8 y 32.1, p\u00e1rrafo segundo, de la Ley de Propiedad Intelectual, quedan expresamente prohibidas la reproducci\u00f3n, la distribuci\u00f3n y la comunicaci\u00f3n p\u00fablica, incluida su modalidad de puesta a disposici\u00f3n, de la totalidad o parte de los contenidos de esta p\u00e1gina web, con fines comerciales, en cualquier soporte y por cualquier medio t\u00e9cnico, sin la autorizaci\u00f3n de AREA DE VILASANA SLU. El usuario se compromete a respetar los derechos de Propiedad Intelectual e Industrial titularidad de AREA DE VILASANA SLU.<\/p><p>El usuario conoce y acepta que la totalidad del sitio web, conteniendo sin car\u00e1cter exhaustivo el texto, software, contenidos (incluyendo estructura, selecci\u00f3n, ordenaci\u00f3n y presentaci\u00f3n de los mismos) podcast, fotograf\u00edas, material audiovisual y gr\u00e1ficos, est\u00e1 protegida por marcas, derechos de autor y otros derechos leg\u00edtimos, de acuerdo con los tratados internacionales en los que Espa\u00f1a es parte y otros derechos de propiedad y leyes de Espa\u00f1a.<\/p><p>En el caso de que un usuario o un tercero consideren que se ha producido una violaci\u00f3n de sus leg\u00edtimos derechos de propiedad intelectual por la introducci\u00f3n de un determinado contenido en la web, deber\u00e1 notificar dicha circunstancia a AREA DE VILASANA SLU indicando:<\/p><ul><li>Datos personales del interesado titular de los derechos presuntamente infringidos, o indicar la representaci\u00f3n con la que act\u00faa en caso de que la reclamaci\u00f3n la presente un tercero distinto del interesado.<\/li><li>Se\u00f1alar los contenidos protegidos por los derechos de propiedad intelectual y su ubicaci\u00f3n en la web, la acreditaci\u00f3n de los derechos de propiedad intelectual se\u00f1alados y declaraci\u00f3n expresa en la que el interesado se responsabiliza de la veracidad de las informaciones facilitadas en la notificaci\u00f3n<\/li><\/ul><h3>Enlaces externos<\/h3><p>Las p\u00e1ginas de la web areadevilasana.com, proporciona enlaces a otros sitios web propios y contenidos que son propiedad de terceros tales como:<br \/>\u2013 Contenidos de otros blogs<br \/>\u2013 Herramientas<br \/>\u2013 Recursos<\/p><p>El \u00fanico objeto de los enlaces es proporcionar al Usuario la posibilidad de acceder a dichos enlaces.<\/p><p>AREA DE VILASANA SLU no se responsabiliza en ning\u00fan caso de los resultados que puedan derivarse al Usuario por acceso a dichos enlaces.<\/p><p>Asimismo, el usuario encontrar\u00e1 dentro de este sitio, p\u00e1ginas, promociones, programas de afiliados que acceden a los h\u00e1bitos de navegaci\u00f3n de los usuarios para establecer perfiles. Esta informaci\u00f3n siempre es an\u00f3nima y no se identifica al usuario.<\/p><p>La Informaci\u00f3n que se proporcione en estos Sitios patrocinado o enlaces de afiliados est\u00e1 sujeta a las pol\u00edticas de privacidad que se utilicen en dichos Sitios y no estar\u00e1 sujeta a esta pol\u00edtica de privacidad. Por lo que recomendamos ampliamente a los Usuarios a revisar detalladamente las pol\u00edticas de privacidad de los enlaces de afiliado.<\/p><p>El Usuario que se proponga establecer cualquier dispositivo t\u00e9cnico de enlace desde su sitio web al portal areadevilasana.com deber\u00e1 obtener la autorizaci\u00f3n previa y escrita de AREA DE VILASANA SLU. El establecimiento del enlace no implica en ning\u00fan caso la existencia de relaciones entre AREA DE VILASANA SLU y el propietario del sitio en el que se establezca el enlace, ni la aceptaci\u00f3n o aprobaci\u00f3n por parte de AREA DE VILASANA SLU de sus contenidos o servicios<\/p><h3>Pol\u00edtica de comentarios<\/h3><p>En nuestra web se permiten realizar comentarios para enriquecer los contenidos y realizar consultas.<\/p><p>No se admitir\u00e1n comentarios que no est\u00e9n relacionados con la tem\u00e1tica de esta web, que incluyan difamaciones, agravios, insultos, ataques personales o faltas de respeto en general hacia el autor o hacia otros miembros.<\/p><p>Tambi\u00e9n ser\u00e1n suprimidos los comentarios que contengan informaci\u00f3n que sea obviamente enga\u00f1osa o falsa, as\u00ed como los comentarios que contengan informaci\u00f3n personal, como, por ejemplo, domicilios privado o tel\u00e9fonos y que vulneren nuestra pol\u00edtica de protecci\u00f3n de datos.<\/p><p>Se desestimar\u00e1, igualmente, aquellos comentarios creados s\u00f3lo con fines promocionales de una web, persona o colectivo y todo lo que pueda ser considerado spam en general.<\/p><p>No se permiten comentarios an\u00f3nimos, as\u00ed como aquellos realizados por una misma persona con distintos apodos. No se considerar\u00e1n tampoco aquellos comentarios que intenten forzar un debate o una toma de postura por otro usuario.<\/p><h3>Exclusi\u00f3n de garant\u00edas y responsabilidades<\/h3><p>El Prestador no otorga ninguna garant\u00eda ni se hace responsable, en ning\u00fan caso, de los da\u00f1os y perjuicios de cualquier naturaleza que pudieran traer causa de:<\/p><ul><li>La falta de disponibilidad, mantenimiento y efectivo funcionamiento de la web, o de sus servicios y contenidos;<\/li><li>La existencia de virus, programas maliciosos o lesivos en los contenidos;<\/li><li>El uso il\u00edcito, negligente, fraudulento o contrario a este Aviso Legal;<\/li><li>La falta de licitud, calidad, fiabilidad, utilidad y disponibilidad de los servicios prestados por terceros y puestos a disposici\u00f3n de los usuarios en el sitio web.<\/li><li>El prestador no se hace responsable bajo ning\u00fan concepto de los da\u00f1os que pudieran dimanar del uso ilegal o indebido de la presente p\u00e1gina web.<\/li><\/ul><h3>Ley aplicable y jurisdicci\u00f3n<\/h3><p>Con car\u00e1cter general las relaciones entre AREA DE VILASANA SLU con los Usuarios de sus servicios telem\u00e1ticos, presentes en esta web se encuentran sometidas a la legislaci\u00f3n y jurisdicci\u00f3n espa\u00f1olas y a los tribunales de Barcelona.<\/p><h3>Contacto<\/h3><p>En caso de que cualquier Usuario tuviese alguna duda acerca de estas Condiciones legales o cualquier comentario sobre el portal areadevilasana.com, por favor dir\u00edjase a info@areadevilasana.com<\/p>\t\t\t\t\t\t\t\t<\/div>\n\t\t\t\t<\/div>\n\t\t\t\t\t<\/div>\n\t\t<\/div>\n\t\t\t\t\t<\/div>\n\t\t<\/section>\n\t\t\t\t<\/div>\n\t\t","protected":false},"excerpt":{"rendered":"<p>Aviso legal Datos del Responsable Identidad del Responsable: AREA DE VILASANA SLUNombre comercial:\u00a0Area de VilasanaNIF: B-25344896Direcci\u00f3n: C\/ Mossen Camilo Rossel, 40 08942 Sta Coloma de Gramenet (Barcelona)Correo electr\u00f3nico: info@areadevilasana.com En este espacio, el USUARIO, podr\u00e1 encontrar toda la informaci\u00f3n relativa a los t\u00e9rminos y condiciones legales que definen las relaciones entre los usuarios y nosotros [&hellip;]<\/p>\n","protected":false},"author":2,"featured_media":0,"parent":0,"menu_order":0,"comment_status":"closed","ping_status":"closed","template":"","meta":{"footnotes":""},"class_list":["post-75","page","type-page","status-publish","hentry"],"_links":{"self":[{"href":"https:\/\/areadevilasana.com\/ca\/wp-json\/wp\/v2\/pages\/75","targetHints":{"allow":["GET"]}}],"collection":[{"href":"https:\/\/areadevilasana.com\/ca\/wp-json\/wp\/v2\/pages"}],"about":[{"href":"https:\/\/areadevilasana.com\/ca\/wp-json\/wp\/v2\/types\/page"}],"author":[{"embeddable":true,"href":"https:\/\/areadevilasana.com\/ca\/wp-json\/wp\/v2\/users\/2"}],"replies":[{"embeddable":true,"href":"https:\/\/areadevilasana.com\/ca\/wp-json\/wp\/v2\/comments?post=75"}],"version-history":[{"count":3,"href":"https:\/\/areadevilasana.com\/ca\/wp-json\/wp\/v2\/pages\/75\/revisions"}],"predecessor-version":[{"id":1384,"href":"https:\/\/areadevilasana.com\/ca\/wp-json\/wp\/v2\/pages\/75\/revisions\/1384"}],"wp:attachment":[{"href":"https:\/\/areadevilasana.com\/ca\/wp-json\/wp\/v2\/media?parent=75"}],"curies":[{"name":"wp","href":"https:\/\/api.w.org\/{rel}","templated":true}]}}